{"id":9,"date":"2023-05-31T16:29:55","date_gmt":"2023-05-31T08:29:55","guid":{"rendered":"http:\/\/www.cashred.cn\/%e4%b8%bb%e9%a1%b5\/"},"modified":"2023-06-05T11:02:39","modified_gmt":"2023-06-05T03:02:39","slug":"%e4%b8%bb%e9%a1%b5","status":"publish","type":"page","link":"http:\/\/www.cashred.cn\/spain\/","title":{"rendered":"P\u00e1gina principal"},"content":{"rendered":"<div id=\"pl-9\"  class=\"panel-layout\" ><div id=\"pg-9-0\"  class=\"panel-grid panel-no-style\" ><div id=\"pgc-9-0-0\"  class=\"panel-grid-cell\" ><div id=\"panel-9-0-0-0\" class=\"so-panel widget widget_circleicon-widget panel-first-child panel-last-child\" data-index=\"0\" >\t\t<div class=\"circle-icon-box circle-icon-position-top circle-icon-hide-box circle-icon-size-small\">\n\t\t\t\t\t\t\t<div class=\"circle-icon-wrapper\">\n\t\t\t\t\t\t\t\t\t\t<div class=\"circle-icon\" >\n\t\t\t\t\t\t\t\t\t\t\t\t\t<div class=\"fa fa-pencil-square-o\" ><\/div>\n\t\t\t\t\t\t\t\t\t\t\t<\/div> \n\t\t\t\t\t\t\t\t\t<\/div>\n\t\t\t\n\t\t\t\t\t\t\t\t\t\t<h4 >\n\t\t\t\t\tUso militar\t\t\t\t<\/h4>\n\t\t\t\t\t\t\n\t\t\t\t\t\t\t<p class=\"text\" >Aumentar la tenacidad del objeto en un 300%. Este producto se puede utilizar en el campo militar. Como chalecos antibalas, protecci\u00f3n de veh\u00edculos militares, aviones militares, protecci\u00f3n de buques, etc.<\/p>\n\t\t\t\t\t\t\t\t\t\t<a href=\"http:\/\/www.cashred.cn\/military\/\" class=\"more-button\" >Saber m\u00e1s <i><\/i><\/a>\n\t\t\t\t\t<\/div>\n\t\t<\/div><\/div><div id=\"pgc-9-0-1\"  class=\"panel-grid-cell\" ><div id=\"panel-9-0-1-0\" class=\"so-panel widget widget_circleicon-widget panel-first-child panel-last-child\" data-index=\"1\" >\t\t<div class=\"circle-icon-box circle-icon-position-top circle-icon-hide-box circle-icon-size-small\">\n\t\t\t\t\t\t\t<div class=\"circle-icon-wrapper\">\n\t\t\t\t\t\t\t\t\t\t<div class=\"circle-icon\" >\n\t\t\t\t\t\t\t\t\t\t\t\t\t<div class=\"fa fa-check-circle-o\" ><\/div>\n\t\t\t\t\t\t\t\t\t\t\t<\/div> \n\t\t\t\t\t\t\t\t\t<\/div>\n\t\t\t\n\t\t\t\t\t\t\t\t\t\t<h4 >\n\t\t\t\t\tCiencia y tecnolog\u00eda civiles\t\t\t\t<\/h4>\n\t\t\t\t\t\t\n\t\t\t\t\t\t\t<p class=\"text\" >Aumentar la tenacidad del objeto en un 300%. Este producto se puede utilizar en el campo militar. Como chalecos antibalas, protecci\u00f3n de veh\u00edculos militares, aviones militares, protecci\u00f3n de buques, etc.<\/p>\n\t\t\t\t\t\t\t\t\t\t<a href=\"http:\/\/www.cashred.cn\/civil\/\" class=\"more-button\" >Saber m\u00e1s <i><\/i><\/a>\n\t\t\t\t\t<\/div>\n\t\t<\/div><\/div><div id=\"pgc-9-0-2\"  class=\"panel-grid-cell\" ><div id=\"panel-9-0-2-0\" class=\"so-panel widget widget_circleicon-widget panel-first-child panel-last-child\" data-index=\"2\" >\t\t<div class=\"circle-icon-box circle-icon-position-top circle-icon-hide-box circle-icon-size-small\">\n\t\t\t\t\t\t\t<div class=\"circle-icon-wrapper\">\n\t\t\t\t\t\t\t\t\t\t<div class=\"circle-icon\" >\n\t\t\t\t\t\t\t\t\t\t\t\t\t<div class=\"fa fa-clock-o\" ><\/div>\n\t\t\t\t\t\t\t\t\t\t\t<\/div> \n\t\t\t\t\t\t\t\t\t<\/div>\n\t\t\t\n\t\t\t\t\t\t\t\t\t\t<h4 >\n\t\t\t\t\tPersonalizaci\u00f3n del cliente\t\t\t\t<\/h4>\n\t\t\t\t\t\t\n\t\t\t\t\t\t\t<p class=\"text\" >Aumentar la tenacidad del objeto en un 300%. Los productos se pueden personalizar de acuerdo con los requisitos del cliente.<\/p>\n\t\t\t\t\t\t\t\t\t\t<a href=\"http:\/\/www.cashred.cn\/customization\/%20\" class=\"more-button\" >Saber m\u00e1s <i><\/i><\/a>\n\t\t\t\t\t<\/div>\n\t\t<\/div><\/div><\/div><div id=\"pg-9-1\"  class=\"panel-grid panel-no-style\" ><div id=\"pgc-9-1-0\"  class=\"panel-grid-cell\" ><div id=\"panel-9-1-0-0\" class=\"so-panel widget widget_text panel-first-child panel-last-child\" data-index=\"3\" >\t\t\t<div class=\"textwidget\"><p><span style=\"color: #0000ff;\"><strong>Los productos de la serie Cashred Nano a prueba de explosiones son especialmente adecuados para<span style=\"color: #ff0000;\">\u00c1rea Militar<\/span><\/strong><\/span>. puede mejorar la capacidad de combate de las tropas y mejorar la capacidad de protecci\u00f3n de los soldados del campo de batalla y nuestros objetivos militares importantes.<span style=\"color: #33cccc;\">Aplicaci\u00f3n especialmente en buques<\/span>Tiene una amplia gama de usos: como la cubierta del barco, la cubierta del buque RO - ro resistente al desgaste y a la corrosi\u00f3n, y la corrosi\u00f3n de la burbuja antia\u00e9rea de la h\u00e9lice del barco tiene efectos notables. E incluso se aplica a la protecci\u00f3n del Fondo del barco.<\/p>\n<p><strong><span style=\"color: #ff0000;\">Corrosi\u00f3n por burbujas<\/span><span style=\"color: #339966;\">(tambi\u00e9n conocido como erosi\u00f3n por vapor) es una forma especial de corrosi\u00f3n por desgaste.<\/span><\/strong>. ocurre en ambientes con l\u00edquidos de alto flujo y con cambios de presi\u00f3n, como el entorno de funcionamiento del impulsor de la bomba. La comprensi\u00f3n simple puede ser:<span style=\"color: #ff6600;\">El Movimiento brusco produce una fuerte diferencia de presi\u00f3n, que en casos extremos se acerca al vac\u00edo, formando una burbuja, y la disminuci\u00f3n de la presi\u00f3n conduce a una aceleraci\u00f3n de la evaporaci\u00f3n, con vapor de agua en la burbuja, que se agita violentamente al mismo tiempo, mientras que la presi\u00f3n del agua es muy grande y r\u00e1pidamente exprimiendo el vac\u00edo; Tan repetida.<\/span>Se puede ver que los requisitos de rendimiento del material son extremadamente estrictos, lo que limita seriamente la elecci\u00f3n del material por parte de la h\u00e9lice.<\/p>\n<p><strong><span style=\"color: #33cccc;\">Materiales Nano a prueba de explosiones de Cashred<\/span><span style=\"color: #800080;\">Puede resolver eficazmente el problema de la corrosi\u00f3n por burbujas.<\/span><\/strong>.Ampliar a\u00fan m\u00e1s el campo de selecci\u00f3n de materiales puede mejorar a\u00fan m\u00e1s la calidad general y el rendimiento de los buques.<\/p>\n<p><a href=\"http:\/\/www.cashred.cn\/ship\/\">Saber m\u00e1s<\/a><\/p>\n<\/div>\n\t\t<\/div><\/div><div id=\"pgc-9-1-1\"  class=\"panel-grid-cell\" ><div id=\"panel-9-1-1-0\" class=\"so-panel widget widget_media_gallery panel-first-child panel-last-child\" data-index=\"4\" >\n\t\t<style type=\"text\/css\">\n\t\t\t#gallery-1 {\n\t\t\t\tmargin: auto;\n\t\t\t}\n\t\t\t#gallery-1 .gallery-item {\n\t\t\t\tfloat: left;\n\t\t\t\tmargin-top: 10px;\n\t\t\t\ttext-align: center;\n\t\t\t\twidth: 100%;\n\t\t\t}\n\t\t\t#gallery-1 img {\n\t\t\t\tborder: 2px solid #cfcfcf;\n\t\t\t}\n\t\t\t#gallery-1 .gallery-caption {\n\t\t\t\tmargin-left: 0;\n\t\t\t}\n\t\t\t\/* see gallery_shortcode() in wp-includes\/media.php *\/\n\t\t<\/style>\n\t\t<div id='gallery-1' class='gallery galleryid-9 gallery-columns-1 gallery-size-full'><dl class='gallery-item'>\n\t\t\t<dt class='gallery-icon landscape'>\n\t\t\t\t<a href='http:\/\/www.cashred.cn\/spain\/ship\/attachment\/14787790\/#main'><img loading=\"lazy\" decoding=\"async\" width=\"400\" height=\"226\" src=\"http:\/\/www.cashred.cn\/wp-content\/uploads\/2023\/06\/14787790.gif\" class=\"attachment-full size-full\" alt=\"\" \/><\/a>\n\t\t\t<\/dt><\/dl><br style=\"clear: both\" \/>\n\t\t<\/div>\n<\/div><\/div><\/div><div id=\"pg-9-2\"  class=\"panel-grid panel-no-style\" ><div id=\"pgc-9-2-0\"  class=\"panel-grid-cell\" ><div id=\"panel-9-2-0-0\" class=\"so-panel widget widget_media_gallery panel-first-child panel-last-child\" data-index=\"5\" >\n\t\t<style type=\"text\/css\">\n\t\t\t#gallery-2 {\n\t\t\t\tmargin: auto;\n\t\t\t}\n\t\t\t#gallery-2 .gallery-item {\n\t\t\t\tfloat: left;\n\t\t\t\tmargin-top: 10px;\n\t\t\t\ttext-align: center;\n\t\t\t\twidth: 100%;\n\t\t\t}\n\t\t\t#gallery-2 img {\n\t\t\t\tborder: 2px solid #cfcfcf;\n\t\t\t}\n\t\t\t#gallery-2 .gallery-caption {\n\t\t\t\tmargin-left: 0;\n\t\t\t}\n\t\t\t\/* see gallery_shortcode() in wp-includes\/media.php *\/\n\t\t<\/style>\n\t\t<div id='gallery-2' class='gallery galleryid-9 gallery-columns-1 gallery-size-large'><dl class='gallery-item'>\n\t\t\t<dt class='gallery-icon landscape'>\n\t\t\t\t<a href='http:\/\/www.cashred.cn\/spain\/87b450317c21140d6835ffcb63f2f6b2\/'><img loading=\"lazy\" decoding=\"async\" width=\"720\" height=\"390\" src=\"http:\/\/www.cashred.cn\/wp-content\/uploads\/2023\/06\/87b450317c21140d6835ffcb63f2f6b2.png\" class=\"attachment-large size-large\" alt=\"\" srcset=\"http:\/\/www.cashred.cn\/wp-content\/uploads\/2023\/06\/87b450317c21140d6835ffcb63f2f6b2.png 1000w, http:\/\/www.cashred.cn\/wp-content\/uploads\/2023\/06\/87b450317c21140d6835ffcb63f2f6b2-300x162.png 300w, http:\/\/www.cashred.cn\/wp-content\/uploads\/2023\/06\/87b450317c21140d6835ffcb63f2f6b2-768x415.png 768w\" sizes=\"auto, (max-width: 720px) 100vw, 720px\" \/><\/a>\n\t\t\t<\/dt><\/dl><br style=\"clear: both\" \/>\n\t\t<\/div>\n<\/div><\/div><div id=\"pgc-9-2-1\"  class=\"panel-grid-cell\" ><div id=\"panel-9-2-1-0\" class=\"so-panel widget widget_text panel-first-child panel-last-child\" data-index=\"6\" >\t\t\t<div class=\"textwidget\"><ul>\n<li>El petr\u00f3leo es la sangre de la industria y la base de la sociedad moderna. Casi todo en nuestras vidas no puede prescindir de la sombra del petr\u00f3leo. Debido a la naturaleza especial del petr\u00f3leo,<span style=\"color: #ff00ff;\">Almacenamiento y transporte de petr\u00f3leo<\/span>Siempre prestamos atenci\u00f3n a que la corrosi\u00f3n existe todo el tiempo. Esto afecta a los transportistas que transportan petr\u00f3leo: la vida \u00fatil de los oleoductos. El estudio muestra que:<\/li>\n<li><span style=\"color: #008000;\">\u00b7 casi el 50% de las fugas de tuber\u00edas son causadas por corrosi\u00f3n interna y externa;<\/span><br \/>\n<span style=\"color: #008000;\">\u00b7 la corrosi\u00f3n local representa entre el 70% y el 90% de los accidentes de corrosi\u00f3n;<\/span><br \/>\n<span style=\"color: #008000;\">\u00b7 para la transmisi\u00f3n de gas, m\u00e1s del 20% de las fugas son causadas por corrosi\u00f3n;<\/span><br \/>\n\u00b7 El 90% de los da\u00f1os por corrosi\u00f3n ocurren en el 10% del tiempo.<\/li>\n<\/ul>\n<p>Los materiales Nano - a prueba de explosiones de Cashred se han dedicado durante mucho tiempo a la causa de la anticorrosi\u00f3n de tuber\u00edas, personalizando materiales anticorrosivos profesionales para clientes e implementando una gran cantidad de construcci\u00f3n de ingenier\u00eda. Reducir el riesgo de corrosi\u00f3n para los clientes.<\/p>\n<p><a href=\"http:\/\/www.cashred.cn\/oil\/\">Saber m\u00e1s<\/a><\/p>\n<\/div>\n\t\t<\/div><\/div><\/div><div id=\"pg-9-3\"  class=\"panel-grid panel-no-style\" ><div id=\"pgc-9-3-0\"  class=\"panel-grid-cell\" ><div id=\"panel-9-3-0-0\" class=\"so-panel widget widget_siteorigin-panels-postloop panel-first-child panel-last-child\" data-index=\"7\" ><h3 class=\"widget-title\"><span class=\"vantage-carousel-title\"><span class=\"vantage-carousel-title-text\">Latest Posts<\/span><a href=\"#\" class=\"next\" title=\"Siguiente\"><span class=\"vantage-icon-arrow-right\"><\/span><\/a><a href=\"#\" class=\"previous\" title=\"Anterior\"><span class=\"vantage-icon-arrow-left\"><\/span><\/a><\/span><\/h3><div class=\"vantage-carousel-wrapper\">\n\t\n\t<ul class=\"vantage-carousel\" data-query=\"{&quot;post_type&quot;:&quot;post&quot;,&quot;posts_per_page&quot;:4,&quot;orderby&quot;:&quot;date&quot;,&quot;order&quot;:&quot;DESC&quot;,&quot;so_sidebar_emulator_id&quot;:&quot;siteorigin-panels-postloop-910007&quot;,&quot;option_name&quot;:&quot;widget_siteorigin-panels-postloop&quot;,&quot;panels_info&quot;:{&quot;class&quot;:&quot;SiteOrigin_Panels_Widgets_PostLoop&quot;,&quot;raw&quot;:false,&quot;grid&quot;:3,&quot;cell&quot;:0,&quot;id&quot;:7,&quot;widget_id&quot;:&quot;8e3f7680-b4ca-409c-aaf5-332474a83965&quot;,&quot;style&quot;:[],&quot;cell_index&quot;:0,&quot;widget_index&quot;:7},&quot;paged&quot;:1,&quot;post__not_in&quot;:[9],&quot;fields&quot;:&quot;all&quot;,&quot;lazy_load_term_meta&quot;:true}\" data-ajax-url=\"http:\/\/www.cashred.cn\/wp-admin\/admin-ajax.php\">\n\t\t\t\t\t<li class=\"carousel-entry\">\n\t\t\t\t<div class=\"thumbnail\">\n\t\t\t\t\t\t\t\t\t\t\t\t\t\t\t\t<a href=\"http:\/\/www.cashred.cn\/spain\/chuyanshuixiang\/\" style=\"background-image: url(http:\/\/www.cashred.cn\/wp-content\/uploads\/2025\/12\/fd4793a_\u526f\u672c-272x182.png)\">\n\t\t\t\t\t\t<\/a>\n\t\t\t\t\t\t\t\t\t<\/div>\n\t\t\t\t\t\t\t\t<h3><a href=\"http:\/\/www.cashred.cn\/spain\/chuyanshuixiang\/\">El material se aplica al tanque de agua desalada de la central t\u00e9rmica<\/a><\/h3>\n\t\t\t<\/li>\n\t\t\t\t\t<li class=\"carousel-entry\">\n\t\t\t\t<div class=\"thumbnail\">\n\t\t\t\t\t\t\t\t\t\t\t\t\t\t\t\t<a href=\"http:\/\/www.cashred.cn\/spain\/airplane\/\" style=\"background-image: url(http:\/\/www.cashred.cn\/wp-content\/uploads\/2023\/06\/1-272x179.jpeg)\">\n\t\t\t\t\t\t<\/a>\n\t\t\t\t\t\t\t\t\t<\/div>\n\t\t\t\t\t\t\t\t<h3><a href=\"http:\/\/www.cashred.cn\/spain\/airplane\/\">Aplicaci\u00f3n de materiales Nano - a prueba de explosiones de Cashred en el campo de la aviaci\u00f3n<\/a><\/h3>\n\t\t\t<\/li>\n\t\t\t\t\t<li class=\"carousel-entry\">\n\t\t\t\t<div class=\"thumbnail\">\n\t\t\t\t\t\t\t\t\t\t\t\t\t\t\t\t<a href=\"http:\/\/www.cashred.cn\/spain\/oil\/\" style=\"background-image: url(http:\/\/www.cashred.cn\/wp-content\/uploads\/2022\/06\/642f03f296877383f5df4e2c33a1b007-272x182.jpeg)\">\n\t\t\t\t\t\t<\/a>\n\t\t\t\t\t\t\t\t\t<\/div>\n\t\t\t\t\t\t\t\t<h3><a href=\"http:\/\/www.cashred.cn\/spain\/oil\/\">Aplicaci\u00f3n de la nanoprotecci\u00f3n contra explosiones de Cashred en la industria petrolera<\/a><\/h3>\n\t\t\t<\/li>\n\t\t\t\t\t<li class=\"carousel-entry\">\n\t\t\t\t<div class=\"thumbnail\">\n\t\t\t\t\t\t\t\t\t\t\t\t\t\t\t\t<a href=\"http:\/\/www.cashred.cn\/spain\/ship\/\" style=\"background-image: url(http:\/\/www.cashred.cn\/wp-content\/uploads\/2022\/06\/15640450-272x182.jpg)\">\n\t\t\t\t\t\t<\/a>\n\t\t\t\t\t\t\t\t\t<\/div>\n\t\t\t\t\t\t\t\t<h3><a href=\"http:\/\/www.cashred.cn\/spain\/ship\/\">Aplicaci\u00f3n de materiales Nano a prueba de explosiones en buques<\/a><\/h3>\n\t\t\t<\/li>\n\t\t\t<\/ul>\n<\/div>\n<\/div><\/div><div id=\"pgc-9-3-1\"  class=\"panel-grid-cell\" ><div id=\"panel-9-3-1-0\" class=\"so-panel widget widget_text panel-first-child panel-last-child\" data-index=\"8\" >\t\t\t<div class=\"textwidget\"><p>Cashred hace un sincero llamamiento para trabajar con amigos de todos los \u00e1mbitos de la vida para promover productos Nano - a prueba de explosiones a m\u00e1s campos de aplicaci\u00f3n y hacer mayores contribuciones a la modernizaci\u00f3n industrial de china.<\/p>\n<\/div>\n\t\t<\/div><\/div><\/div><\/div>","protected":false},"excerpt":{"rendered":"<p>\u51ef\u8bd7\u96f7\u7eb3\u7c73\u9632\u7206\u7cfb\u5217\u4ea7\u54c1\u5c24\u5176\u9002\u5b9c\u7528\u4e8e\u519b\u4e8b\u9886\u57df\u3002\u53ef\u63d0\u5347\u90e8\u961f\u4f5c\u6218\u80fd\u529b\uff0c\u63d0\u5347\u5bf9\u6218\u573a\u58eb\u5175\u3001\u6211\u65b9\u91cd\u8981\u519b\u4e8b\u76ee\u6807\u7684\u4fdd\u62a4\u80fd\u529b\u3002\u7279 [&hellip;]<\/p>","protected":false},"author":1,"featured_media":0,"parent":0,"menu_order":0,"comment_status":"closed","ping_status":"closed","template":"home-panels.php","meta":{"footnotes":""},"class_list":["post-9","page","type-page","status-publish","hentry","post","post-with-thumbnail","post-with-thumbnail-large"],"aioseo_notices":[],"_links":{"self":[{"href":"http:\/\/www.cashred.cn\/spain\/wp-json\/wp\/v2\/pages\/9","targetHints":{"allow":["GET"]}}],"collection":[{"href":"http:\/\/www.cashred.cn\/spain\/wp-json\/wp\/v2\/pages"}],"about":[{"href":"http:\/\/www.cashred.cn\/spain\/wp-json\/wp\/v2\/types\/page"}],"author":[{"embeddable":true,"href":"http:\/\/www.cashred.cn\/spain\/wp-json\/wp\/v2\/users\/1"}],"replies":[{"embeddable":true,"href":"http:\/\/www.cashred.cn\/spain\/wp-json\/wp\/v2\/comments?post=9"}],"version-history":[{"count":32,"href":"http:\/\/www.cashred.cn\/spain\/wp-json\/wp\/v2\/pages\/9\/revisions"}],"predecessor-version":[{"id":342,"href":"http:\/\/www.cashred.cn\/spain\/wp-json\/wp\/v2\/pages\/9\/revisions\/342"}],"wp:attachment":[{"href":"http:\/\/www.cashred.cn\/spain\/wp-json\/wp\/v2\/media?parent=9"}],"curies":[{"name":"wp","href":"https:\/\/api.w.org\/{rel}","templated":true}]}}