{"id":32,"date":"2023-05-31T20:42:15","date_gmt":"2023-05-31T12:42:15","guid":{"rendered":"http:\/\/www.cashred.cn\/?page_id=32"},"modified":"2023-06-01T23:10:11","modified_gmt":"2023-06-01T15:10:11","slug":"gywm","status":"publish","type":"page","link":"http:\/\/www.cashred.cn\/spain\/gywm\/","title":{"rendered":"Sobre nosotros"},"content":{"rendered":"<p>Presentaci\u00f3n de la empresa<\/p>\n<p>Cashred (shanghai) New Materials co., Ltd. (conocida como Cashred), la serie de productos a prueba de explosiones nanom\u00e9tricas de cashred involucra impermeabilizaci\u00f3n, anticorrosi\u00f3n, prevenci\u00f3n de fugas, prevenci\u00f3n de filtraciones, anticolisi\u00f3n, prevenci\u00f3n de contaminaci\u00f3n, resistencia al desgaste, perforaci\u00f3n de ra\u00edces, resistencia a la intemperie, ign\u00edfuga y otros tipos, que se pueden utilizar ampliamente en puentes, techos, estructuras de acero, tanques, presas hidr\u00e1ulicas, tanques de tratamiento de aguas residuales, cisternas, veh\u00edculos especiales, tanques petroqu\u00edmicos, tuber\u00edas, barcos y otros campos de protecci\u00f3n, la calidad del producto es estable, el rendimiento integral es excelente, la compa\u00f1\u00eda proporciona una serie de recubrimientos a prueba de explosiones nanom\u00e9tricas, masillas y otros materiales de apoyo para garantizar una mejor adaptaci\u00f3n a las aplicaciones de materiales a prueba de explosiones nanom\u00e9tricas, aprovechar al m\u00e1ximo las ventajas de los requisitos de los clientes.<\/p>\n<p>\u00a1\u00a1 los detalles determinan la calidad, y la calidad crea brillantez! Con el fin de garantizar la calidad de la construcci\u00f3n de materiales Nano a prueba de explosiones, kaishilei ha establecido relaciones de cooperaci\u00f3n a largo plazo con muchos equipos de construcci\u00f3n de alta calidad, ha encontrado problemas en un gran n\u00famero de pr\u00e1cticas, ha resuelto problemas y ha logrado la mejora de la aplicaci\u00f3n de materiales Nano a prueba de explosiones.<\/p>\n<p>Como l\u00edder en la industria de nuevos materiales, Cashred siempre se ha adherido: el esp\u00edritu artesano. Comprometido a convertirse en una marca l\u00edder en nanoprotecci\u00f3n, proporcionando a los clientes la mejor soluci\u00f3n a prueba de explosiones, impermeabilizaci\u00f3n y anticorrosi\u00f3n.<\/p>\n<p>Mientras persigue productos de alta calidad, Cashred se adhiere a la innovaci\u00f3n tecnol\u00f3gica y la protecci\u00f3n del medio ambiente. En calidad, tecnolog\u00eda, innovaci\u00f3n, servicio, marca. \u00a1Bajo la Gu\u00eda ideol\u00f3gica de Cashred, a trav\u00e9s de los incansables esfuerzos del equipo, mejora la profesionalidad, proporciona a los clientes las soluciones de proceso m\u00e1s adecuadas, el apoyo y el servicio m\u00e1s completos, \u00a1 mientras mejora la satisfacci\u00f3n, tambi\u00e9n logra un mito m\u00e1s magn\u00edfico de la industria!<\/p>\n<p>Cashred hace un sincero llamamiento para trabajar con amigos de todos los \u00e1mbitos de la vida para promover productos Nano - a prueba de explosiones a m\u00e1s campos de aplicaci\u00f3n y hacer mayores contribuciones a la modernizaci\u00f3n industrial de china.<\/p>\n<p style=\"text-align: right;\">Excelente calidad de la Ciencia y la tecnolog\u00eda innovadoras<\/p>\n<p style=\"text-align: right;\">Servicios ingeniosos para forjar cl\u00e1sicos<\/p>\n<p><img loading=\"lazy\" decoding=\"async\" class=\"alignnone  wp-image-104\" src=\"http:\/\/www.cashred.cn\/wp-content\/uploads\/2023\/06\/\u51ef\u8bd7\u96f7\u971c\u964d\u6d77\u62a5-300x300.jpeg\" alt=\"\" width=\"339\" height=\"339\" srcset=\"http:\/\/www.cashred.cn\/wp-content\/uploads\/2023\/06\/\u51ef\u8bd7\u96f7\u971c\u964d\u6d77\u62a5-300x300.jpeg 300w, http:\/\/www.cashred.cn\/wp-content\/uploads\/2023\/06\/\u51ef\u8bd7\u96f7\u971c\u964d\u6d77\u62a5-150x150.jpeg 150w, http:\/\/www.cashred.cn\/wp-content\/uploads\/2023\/06\/\u51ef\u8bd7\u96f7\u971c\u964d\u6d77\u62a5-768x768.jpeg 768w, http:\/\/www.cashred.cn\/wp-content\/uploads\/2023\/06\/\u51ef\u8bd7\u96f7\u971c\u964d\u6d77\u62a5.jpeg 1000w\" sizes=\"auto, (max-width: 339px) 100vw, 339px\" \/><\/p>","protected":false},"excerpt":{"rendered":"<p>\u516c\u53f8\u7b80\u4ecb \u51ef\u8bd7\u96f7\uff08\u4e0a\u6d77\uff09\u65b0\u6750\u6599\u6709\u9650\u516c\u53f8\uff08\u7b80\u79f0\u51ef\u8bd7\u96f7\uff09\uff0c\u51ef\u8bd7\u96f7\u7eb3\u7c73\u9632\u7206\u4ea7\u54c1\u7cfb\u5217\u6d89\u53ca\u9632\u6c34\u3001\u9632\u8150\u3001\u9632\u6f0f\u3001\u9632\u6e17\u3001\u9632\u649e\u3001 [&hellip;]<\/p>","protected":false},"author":1,"featured_media":0,"parent":0,"menu_order":0,"comment_status":"closed","ping_status":"closed","template":"","meta":{"footnotes":""},"class_list":["post-32","page","type-page","status-publish","hentry","post"],"aioseo_notices":[],"_links":{"self":[{"href":"http:\/\/www.cashred.cn\/spain\/wp-json\/wp\/v2\/pages\/32","targetHints":{"allow":["GET"]}}],"collection":[{"href":"http:\/\/www.cashred.cn\/spain\/wp-json\/wp\/v2\/pages"}],"about":[{"href":"http:\/\/www.cashred.cn\/spain\/wp-json\/wp\/v2\/types\/page"}],"author":[{"embeddable":true,"href":"http:\/\/www.cashred.cn\/spain\/wp-json\/wp\/v2\/users\/1"}],"replies":[{"embeddable":true,"href":"http:\/\/www.cashred.cn\/spain\/wp-json\/wp\/v2\/comments?post=32"}],"version-history":[{"count":9,"href":"http:\/\/www.cashred.cn\/spain\/wp-json\/wp\/v2\/pages\/32\/revisions"}],"predecessor-version":[{"id":139,"href":"http:\/\/www.cashred.cn\/spain\/wp-json\/wp\/v2\/pages\/32\/revisions\/139"}],"wp:attachment":[{"href":"http:\/\/www.cashred.cn\/spain\/wp-json\/wp\/v2\/media?parent=32"}],"curies":[{"name":"wp","href":"https:\/\/api.w.org\/{rel}","templated":true}]}}