{"id":32,"date":"2023-05-31T20:42:15","date_gmt":"2023-05-31T12:42:15","guid":{"rendered":"http:\/\/www.cashred.cn\/?page_id=32"},"modified":"2023-06-01T23:10:11","modified_gmt":"2023-06-01T15:10:11","slug":"gywm","status":"publish","type":"page","link":"http:\/\/www.cashred.cn\/portugues\/gywm\/","title":{"rendered":"Sobre n\u00f3s"},"content":{"rendered":"<p>Resumo da empresa<\/p>\n<p>Cashred (Shanghai) New Materials Co., Ltd. (referido como Cashred), a s\u00e9rie de produtos \u00e0 prova de explos\u00e3o nano Cashred envolve v\u00e1rios tipos de impermeabiliza\u00e7\u00e3o, anticorros\u00e3o, preven\u00e7\u00e3o de vazamentos, anti-infiltra\u00e7\u00e3o, preven\u00e7\u00e3o de colis\u00e3o, preven\u00e7\u00e3o de polui\u00e7\u00e3o, resist\u00eancia ao desgaste, resist\u00eancia \u00e0 perfura\u00e7\u00e3o da raiz, resist\u00eancia \u00e0s intemp\u00e9ries, retardamento de chama, etc. telhados, estruturas de a\u00e7o, tanques, tanques de \u00e1gua, barragens de \u00e1gua, tanques de tratamento de esgoto, reservat\u00f3rios, ve\u00edculos especiais, chaleiras petroqu\u00edmicas, tubula\u00e7\u00f5es, navios, etc, a qualidade do produto \u00e9 est\u00e1vel, com excelente desempenho abrangente. A empresa fornece uma s\u00e9rie de primer nano \u00e0 prova de explos\u00e3o, massa de massa, revestimento superior e outros materiais de apoio para garantir que os materiais nano \u00e0 prova de explos\u00e3o sejam melhor adaptados a v\u00e1rios campos de aplica\u00e7\u00e3o, aproveite as vantagens m\u00e1ximas de nano \u00e0 prova de explos\u00e3o e atenda \u00e0s exig\u00eancias do cliente na extens\u00e3o m\u00e1xima.<\/p>\n<p>Os detalhes determinam a qualidade, e a qualidade cria brilho! Para garantir a qualidade de constru\u00e7\u00e3o de materiais nano \u00e0 prova de explos\u00e3o, Cashred estabeleceu rela\u00e7\u00f5es de coopera\u00e7\u00e3o a longo prazo com in\u00fameras equipes de constru\u00e7\u00e3o de alta qualidade, e resolveu problemas em um grande n\u00famero de pr\u00e1ticas para conseguir a aplica\u00e7\u00e3o e atualiza\u00e7\u00e3o de materiais nano \u00e0 prova de explos\u00e3o,<\/p>\n<p>Como l\u00edder na ind\u00fastria de novos materiais, Cashred sempre aderiu ao esp\u00edrito de artesanato. Comprometido em se tornar uma marca l\u00edder em prote\u00e7\u00e3o nano, fornecendo aos clientes a melhor solu\u00e7\u00e3o para nano \u00e0 prova de explos\u00e3o, imperme\u00e1vel e anti-corros\u00e3o.<\/p>\n<p>Ao buscar produtos de alta qualidade, Cashred adere \u00e0 inova\u00e7\u00e3o tecnol\u00f3gica e prote\u00e7\u00e3o ambiental. Em termos de qualidade, tecnologia, inova\u00e7\u00e3o, servi\u00e7o e marca. Sob a orienta\u00e7\u00e3o dos esfor\u00e7os incessantes de nossa equipe, Cashred aumenta seu profissionalismo e oferece aos clientes as solu\u00e7\u00f5es de processo mais adequadas, suporte abrangente e servi\u00e7os. Ao melhorar a satisfa\u00e7\u00e3o, tamb\u00e9m cria um mito mais magn\u00edfico da ind\u00fastria!<\/p>\n<p>Cashred Company apela sinceramente para cooperar com amigos de todas as esferas da vida para promover produtos \u00e0 prova de explos\u00e3o nano para mais campos de aplica\u00e7\u00e3o e fazer contribui\u00e7\u00f5es maiores para a atualiza\u00e7\u00e3o industrial da China!<\/p>\n<p style=\"text-align: right;\">Tecnologia inovadora e excelente qualidade<\/p>\n<p style=\"text-align: right;\">Artesanato e Servi\u00e7o Casting Cl\u00e1ssicos<\/p>\n<p><img loading=\"lazy\" decoding=\"async\" class=\"alignnone  wp-image-104\" src=\"http:\/\/www.cashred.cn\/wp-content\/uploads\/2023\/06\/\u51ef\u8bd7\u96f7\u971c\u964d\u6d77\u62a5-300x300.jpeg\" alt=\"\" width=\"339\" height=\"339\" srcset=\"http:\/\/www.cashred.cn\/wp-content\/uploads\/2023\/06\/\u51ef\u8bd7\u96f7\u971c\u964d\u6d77\u62a5-300x300.jpeg 300w, http:\/\/www.cashred.cn\/wp-content\/uploads\/2023\/06\/\u51ef\u8bd7\u96f7\u971c\u964d\u6d77\u62a5-150x150.jpeg 150w, http:\/\/www.cashred.cn\/wp-content\/uploads\/2023\/06\/\u51ef\u8bd7\u96f7\u971c\u964d\u6d77\u62a5-768x768.jpeg 768w, http:\/\/www.cashred.cn\/wp-content\/uploads\/2023\/06\/\u51ef\u8bd7\u96f7\u971c\u964d\u6d77\u62a5.jpeg 1000w\" sizes=\"auto, (max-width: 339px) 100vw, 339px\" \/><\/p>","protected":false},"excerpt":{"rendered":"<p>\u516c\u53f8\u7b80\u4ecb \u51ef\u8bd7\u96f7\uff08\u4e0a\u6d77\uff09\u65b0\u6750\u6599\u6709\u9650\u516c\u53f8\uff08\u7b80\u79f0\u51ef\u8bd7\u96f7\uff09\uff0c\u51ef\u8bd7\u96f7\u7eb3\u7c73\u9632\u7206\u4ea7\u54c1\u7cfb\u5217\u6d89\u53ca\u9632\u6c34\u3001\u9632\u8150\u3001\u9632\u6f0f\u3001\u9632\u6e17\u3001\u9632\u649e\u3001 [&hellip;]<\/p>","protected":false},"author":1,"featured_media":0,"parent":0,"menu_order":0,"comment_status":"closed","ping_status":"closed","template":"","meta":{"footnotes":""},"class_list":["post-32","page","type-page","status-publish","hentry","post"],"aioseo_notices":[],"_links":{"self":[{"href":"http:\/\/www.cashred.cn\/portugues\/wp-json\/wp\/v2\/pages\/32","targetHints":{"allow":["GET"]}}],"collection":[{"href":"http:\/\/www.cashred.cn\/portugues\/wp-json\/wp\/v2\/pages"}],"about":[{"href":"http:\/\/www.cashred.cn\/portugues\/wp-json\/wp\/v2\/types\/page"}],"author":[{"embeddable":true,"href":"http:\/\/www.cashred.cn\/portugues\/wp-json\/wp\/v2\/users\/1"}],"replies":[{"embeddable":true,"href":"http:\/\/www.cashred.cn\/portugues\/wp-json\/wp\/v2\/comments?post=32"}],"version-history":[{"count":9,"href":"http:\/\/www.cashred.cn\/portugues\/wp-json\/wp\/v2\/pages\/32\/revisions"}],"predecessor-version":[{"id":139,"href":"http:\/\/www.cashred.cn\/portugues\/wp-json\/wp\/v2\/pages\/32\/revisions\/139"}],"wp:attachment":[{"href":"http:\/\/www.cashred.cn\/portugues\/wp-json\/wp\/v2\/media?parent=32"}],"curies":[{"name":"wp","href":"https:\/\/api.w.org\/{rel}","templated":true}]}}